{"id":571,"date":"2023-01-11T08:52:50","date_gmt":"2023-01-11T08:52:50","guid":{"rendered":"https:\/\/elgtrad.com\/condiciones-generales\/"},"modified":"2023-01-13T12:03:14","modified_gmt":"2023-01-13T12:03:14","slug":"terminos-y-condiciones","status":"publish","type":"page","link":"https:\/\/elgtrad.com\/es\/terminos-y-condiciones\/","title":{"rendered":"T\u00e9rminos y condiciones"},"content":{"rendered":"\n<p><strong>I. Informaci\u00f3n general<\/strong><\/p>\n\n\n\n<p>La confidencialidad de sus datos personales es una de las principales preocupaciones de <strong>ENLIGHTENING LANGUAGES SRL<\/strong>, con sede en Bucarest, Ruman\u00eda, como responsable del tratamiento.<\/p>\n\n\n\n<p>Este documento tiene por objeto informarle sobre el tratamiento de sus datos personales en el contexto del uso del sitio web www.enlighteninglanguages.com. (\u00abSitio\u00bb)<\/p>\n\n\n\n<p><strong>II. Categor\u00edas de datos personales tratados<\/strong><\/p>\n\n\n\n<p>Si usted es un visitante del Sitio, <strong>ENLIGHTENING LANGUAGES SRL <\/strong>procesar\u00e1 sus datos personales que usted proporcione directamente en el contexto del uso del Sitio, como los datos (nombre, correo electr\u00f3nico) que usted proporcione en la secci\u00f3n de contacto en la medida en que se ponga en contacto con nosotros de esta manera.<\/p>\n\n\n\n<p><strong>III. Fines y motivos del tratamiento<\/strong><\/p>\n\n\n\n<p>Si usted es un visitante del Sitio, <strong>ENLIGHTENING LANGUAGES SRL<\/strong> procesa sus datos personales de la siguiente manera:<\/p>\n\n\n\n<p>-para actividades de marketing, es decir, para la transmisi\u00f3n, por medios de comunicaci\u00f3n a distancia (correo electr\u00f3nico, sms), de comunicaciones comerciales u ofertas relativas a los productos y servicios ofrecidos por <strong>ENLIGHTENING LANGUAGES SRL<\/strong>, a trav\u00e9s del Sitio.<\/p>\n\n\n\n<p>-para actividades de informaci\u00f3n (ofertas de precios, detalles del servicio prestado)<\/p>\n\n\n\n<p>Base: El tratamiento de sus datos con este fin se basa en su consentimiento, si decide darlo.<\/p>\n\n\n\n<p><strong>IV. Duraci\u00f3n del tratamiento de sus datos<\/strong><\/p>\n\n\n\n<p>Por principio, <strong>ENLIGHTENING LANGUAGES SRL<\/strong> procesar\u00e1 sus datos personales tanto como sea necesario para los fines de procesamiento antes mencionados.<\/p>\n\n\n\n<p>Si retira su consentimiento para el tratamiento de sus datos con fines de marketing, <strong>ENLIGHTENING L<\/strong> <strong>ANGUAGES<\/strong> SRL dejar\u00e1 de tratar sus datos personales con este fin, sin que ello afecte al tratamiento realizado por <strong>ENLIGHTENING LANGUAGES SRL<\/strong> sobre la base del consentimiento escrito expresado por usted antes de su retirada.<\/p>\n\n\n\n<p><strong>V. Divulgaci\u00f3n de datos personales<\/strong><\/p>\n\n\n\n<p>Para cumplir con los fines del tratamiento, <strong>ENLIGHTENING L<\/strong> ANGUAGES SRL podr\u00e1 comunicar sus datos a socios, a terceros o entidades que apoyen a <strong>ENLIGHTENING LANGUAGES SRL<\/strong> en el desarrollo de la actividad a trav\u00e9s del Sitio (por ejemplo, empresas de mensajer\u00eda, proveedores de servicios inform\u00e1ticos), o a las autoridades p\u00fablicas centrales\/locales, en los siguientes casos enumerados a modo de ejemplo:<\/p>\n\n\n\n<ul>\n<li>para la administraci\u00f3n del Sitio;<\/li>\n\n\n\n<li>en situaciones en las que esta comunicaci\u00f3n fuera necesaria para la concesi\u00f3n de ofertas u otras facilidades a los interesados obtenidas como resultado de su participaci\u00f3n en diversas campa\u00f1as promocionales organizadas por <strong>ENLIGHTENING LANGUAGES SRL<\/strong> a trav\u00e9s del Sitio;<\/li>\n\n\n\n<li>mantener, personalizar y mejorar el Sitio y los servicios prestados a trav\u00e9s de \u00e9l;<\/li>\n\n\n\n<li>para realizar an\u00e1lisis de datos, pruebas e investigaciones, supervisar las tendencias de uso y la actividad, desarrollar funciones de seguridad y autenticaci\u00f3n de usuarios;<\/li>\n\n\n\n<li>para la transmisi\u00f3n de comunicaciones comerciales de marketing, en las condiciones y dentro de los l\u00edmites previstos por la ley;<\/li>\n\n\n\n<li>cuando la divulgaci\u00f3n de datos personales sea exigida por ley, etc.<\/li>\n<\/ul>\n\n\n\n<p><strong>VI. Transferencia de datos personales<\/strong><\/p>\n\n\n\n<p>Los datos personales proporcionados a <strong>ENLIGHTENING LANGUAGES SRL<\/strong> pueden ser transferidos fuera de Ruman\u00eda, pero s\u00f3lo a pa\u00edses de la Uni\u00f3n Europea.  <\/p>\n\n\n\n<p><strong>VII. Sus derechos<\/strong><\/p>\n\n\n\n<p>En las condiciones establecidas en la legislaci\u00f3n sobre tratamiento de datos personales, como interesado, usted tiene los siguientes derechos:<\/p>\n\n\n\n<ul>\n<li>el derecho a la informaci\u00f3n, es decir, el derecho a recibir informaci\u00f3n detallada sobre las actividades de tratamiento llevadas a cabo por <strong>ENLIGHTENING LANGUAGES SRL<\/strong>, tal y como se describen en el presente documento;<\/li>\n\n\n\n<li>derecho de acceso a los datos, es decir, el derecho a obtener confirmaci\u00f3n del  <strong>ENLIGHTENING LANGUAGES SRL<\/strong> sobre el tratamiento de los datos personales, as\u00ed como los detalles de las actividades de tratamiento, como la forma en que se tratan los datos, la finalidad del tratamiento, los destinatarios o categor\u00edas de destinatarios de los datos, etc;<\/li>\n\n\n\n<li>el derecho de rectificaci\u00f3n, es decir, el derecho a obtener la rectificaci\u00f3n, sin demora justificada, mediante  <strong>ENLIGHTENING LANGUAGES SRL<\/strong>  de los datos personales inexactos o injustificados, as\u00ed como la cumplimentaci\u00f3n de los datos incompletos; la rectificaci\u00f3n o cumplimentaci\u00f3n se comunicar\u00e1 a cada destinatario al que se hayan transmitido los datos, salvo que resulte imposible o suponga un esfuerzo desproporcionado.<\/li>\n\n\n\n<li>el derecho a la supresi\u00f3n de los datos sin dilaci\u00f3n indebida (\u00abderecho al olvido\u00bb) si se aplica uno de los motivos siguientes:\n<ul>\n<li>ya no son necesarios para los fines para los que fueron recogidos o tratados;<\/li>\n\n\n\n<li>cuando se retire el consentimiento y no exista otra base jur\u00eddica para el tratamiento;<\/li>\n\n\n\n<li>si el interesado se opone al tratamiento y no existen motivos leg\u00edtimos imperiosos;<\/li>\n\n\n\n<li>cuando se hayan tratado ilegalmente datos personales;<\/li>\n\n\n\n<li>cuando los datos personales deban suprimirse para cumplir una obligaci\u00f3n legal;<\/li>\n\n\n\n<li>los datos personales se han recogido en relaci\u00f3n con la prestaci\u00f3n de servicios de la sociedad de la informaci\u00f3n de conformidad con el Derecho de la Uni\u00f3n o nacional por el que se rige el responsable del tratamiento.<\/li>\n<\/ul>\n<\/li>\n<\/ul>\n\n\n\n<p>Es posible que, tras la solicitud de supresi\u00f3n de los datos, <strong>ENLIGHTENING LANGUAGES SRL<\/strong> pueda anonimizar estos datos (priv\u00e1ndolos as\u00ed de su car\u00e1cter personal) y continuar su tratamiento con fines estad\u00edsticos en estas condiciones;<\/p>\n\n\n\n<ul>\n<li>derecho a restringir el tratamiento en la medida en que :\n<ul>\n<li>la persona impugna la exactitud de los datos durante un periodo que nos permite verificar la exactitud de los datos;<\/li>\n\n\n\n<li>el tratamiento es il\u00edcito y el interesado se opone a la supresi\u00f3n de los datos personales y solicita en su lugar que se restrinja su uso;<\/li>\n\n\n\n<li>el responsable del tratamiento ya no necesita los datos personales para fines de tratamiento, pero el interesado los solicita para el reconocimiento, el ejercicio o la defensa de un derecho legal;<\/li>\n\n\n\n<li>el interesado se haya opuesto al tratamiento (con fines distintos de la mercadotecnia directa), durante el per\u00edodo de tiempo en que se verifique si los derechos leg\u00edtimos del responsable del tratamiento prevalecen sobre los del interesado.<\/li>\n<\/ul>\n<\/li>\n\n\n\n<li>el derecho a la portabilidad de los datos, a saber (i) el derecho a recibir datos personales en un formato estructurado, de uso com\u00fan y f\u00e1cil lectura; y (ii) el derecho a que estos datos sean transmitidos por <strong>ENLIGHTENING LANGUAGES SRL<\/strong> a otro responsable del tratamiento, en la medida en que se cumplan las condiciones previstas por la ley;<\/li>\n\n\n\n<li>el derecho de oposici\u00f3n &#8211; en relaci\u00f3n con las actividades de tratamiento puede ejercerse presentando una solicitud como se indica a continuaci\u00f3n;\n<ul>\n<li>en cualquier momento, por motivos relacionados con la situaci\u00f3n particular del interesado, que los datos que le conciernen se traten en virtud del inter\u00e9s leg\u00edtimo del  <strong>ENLIGHTENING LANGUAGES SRL<\/strong> o sobre la base del inter\u00e9s p\u00fablico, a menos que  <strong>ENLIGHTENING LANGUAGES SRL<\/strong> puede demostrar motivos leg\u00edtimos imperiosos para el tratamiento que prevalezcan sobre los intereses, los derechos y las libertades de los interesados o para el reconocimiento, el ejercicio o la defensa de un derecho en un procedimiento judicial;<\/li>\n\n\n\n<li>en cualquier momento, gratuitamente y sin justificaci\u00f3n alguna, que los datos que le conciernen sean tratados con fines de venta directa.<\/li>\n<\/ul>\n<\/li>\n\n\n\n<li>derecho a dirigirse a la Autoridad Nacional de Control del Tratamiento de Datos Personales o a los tribunales competentes, en la medida en que lo considere necesario.<\/li>\n<\/ul>\n\n\n\n<p>Si desea m\u00e1s informaci\u00f3n sobre el tratamiento de sus datos personales o ejercer los derechos antes mencionados, p\u00f3ngase en contacto con: enlighteninglanguages@gmail.com<\/p>\n\n\n\n<p><\/p>\n","protected":false},"excerpt":{"rendered":"<p>I. Informaci\u00f3n general La confidencialidad de sus datos personales es una de las principales preocupaciones de ENLIGHTENING LANGUAGES SRL, con sede en Bucarest, Ruman\u00eda, como responsable del tratamiento. Este documento tiene por objeto informarle sobre el tratamiento de sus datos personales en el contexto del uso del sitio web www.enlighteninglanguages.com. (\u00abSitio\u00bb) II. Categor\u00edas de datos [&hellip;]<\/p>\n","protected":false},"author":3,"featured_media":0,"parent":0,"menu_order":0,"comment_status":"closed","ping_status":"closed","template":"","meta":{"_monsterinsights_skip_tracking":false,"_monsterinsights_sitenote_active":false,"_monsterinsights_sitenote_note":"","_monsterinsights_sitenote_category":0,"footnotes":""},"acf":[],"aioseo_notices":[],"_links":{"self":[{"href":"https:\/\/elgtrad.com\/es\/wp-json\/wp\/v2\/pages\/571"}],"collection":[{"href":"https:\/\/elgtrad.com\/es\/wp-json\/wp\/v2\/pages"}],"about":[{"href":"https:\/\/elgtrad.com\/es\/wp-json\/wp\/v2\/types\/page"}],"author":[{"embeddable":true,"href":"https:\/\/elgtrad.com\/es\/wp-json\/wp\/v2\/users\/3"}],"replies":[{"embeddable":true,"href":"https:\/\/elgtrad.com\/es\/wp-json\/wp\/v2\/comments?post=571"}],"version-history":[{"count":10,"href":"https:\/\/elgtrad.com\/es\/wp-json\/wp\/v2\/pages\/571\/revisions"}],"predecessor-version":[{"id":749,"href":"https:\/\/elgtrad.com\/es\/wp-json\/wp\/v2\/pages\/571\/revisions\/749"}],"wp:attachment":[{"href":"https:\/\/elgtrad.com\/es\/wp-json\/wp\/v2\/media?parent=571"}],"curies":[{"name":"wp","href":"https:\/\/api.w.org\/{rel}","templated":true}]}}